{"id":760,"date":"2025-10-30T11:19:35","date_gmt":"2025-10-30T09:19:35","guid":{"rendered":"https:\/\/paintsystem.pro\/?page_id=760"},"modified":"2025-10-30T11:21:09","modified_gmt":"2025-10-30T09:21:09","slug":"politique-des-cookies","status":"publish","type":"page","link":"https:\/\/paintsystem.pro\/en\/politique-des-cookies\/","title":{"rendered":"Cookie policy"},"content":{"rendered":"<div data-elementor-type=\"wp-page\" data-elementor-id=\"760\" class=\"elementor elementor-760\" data-elementor-post-type=\"page\">\n\t\t\t\t<div class=\"elementor-element elementor-element-fc0a802 e-flex e-con-boxed e-con e-parent\" data-id=\"fc0a802\" data-element_type=\"container\" data-settings=\"{&quot;background_background&quot;:&quot;classic&quot;}\">\n\t\t\t\t\t<div class=\"e-con-inner\">\n\t\t<div class=\"elementor-element elementor-element-364d9aa e-flex e-con-boxed e-con e-child\" data-id=\"364d9aa\" data-element_type=\"container\">\n\t\t\t\t\t<div class=\"e-con-inner\">\n\t\t\t\t<div class=\"elementor-element elementor-element-39da1be elementor-widget__width-inherit elementor-widget-mobile__width-inherit elementor-widget elementor-widget-heading\" data-id=\"39da1be\" data-element_type=\"widget\" data-widget_type=\"heading.default\">\n\t\t\t\t\t<h1 class=\"elementor-heading-title elementor-size-default\">Cookie policy<\/h1>\t\t\t\t<\/div>\n\t\t\t\t\t<\/div>\n\t\t\t\t<\/div>\n\t\t\t\t\t<\/div>\n\t\t\t\t<\/div>\n\t\t<div class=\"elementor-element elementor-element-2451ed7c e-flex e-con-boxed e-con e-parent\" data-id=\"2451ed7c\" data-element_type=\"container\" data-settings=\"{&quot;background_background&quot;:&quot;classic&quot;}\">\n\t\t\t\t\t<div class=\"e-con-inner\">\n\t\t\t\t<div class=\"elementor-element elementor-element-2c583ee elementor-widget elementor-widget-text-editor\" data-id=\"2c583ee\" data-element_type=\"widget\" data-widget_type=\"text-editor.default\">\n\t\t\t\t\t\t\t\t\t<h3>What is a \"Cookie\"<\/h3><p class=\"translation-block\">Cookies are small text files that a website stores on your computer or mobile device when you visit it.<br>They make your online experience easier by saving browsing information. Thanks to cookies, websites can keep you logged in, remember your site preferences, and provide personalized content. Cookies can also be used to compile browsing statistics and display targeted advertising.<br>In general, cookies can be classified by:<br>Domain:<br>\u2013 First-party cookies are created by the website the user is directly visiting.<br>\u2013 Third-party cookies are not created by the website visited but by a third party such as Google Analytics, DoubleClick, Facebook, Twitter, LinkedIn, YouTube, Vimeo, etc.<br>Purpose:<br>\u2013 Strictly necessary cookies are required for the website to function properly.<br>\u2013 Preference cookies allow a website to remember the choices you made in the past.<br>\u2013 Statistics cookies help the website owner collect statistical data and understand how visitors interact with the site.<br>\u2013 Marketing cookies track user online activity to help advertisers deliver more relevant ads.<br>Duration:<br>\u2013 Session cookies are deleted when the user closes the browser.<br>\u2013 Persistent cookies remain on the user\u2019s device for a set period of time.<\/p><h3>What cookies and trackers do we use?<\/h3><p>Performance cookies<\/p><p>_gid <br \/>Internal cookie \u2013 duration: 1 day\nThis cookie is set by Google Analytics. It stores and updates a unique value for each page visited and is used to count and track page views.<\/p><p>_gat <br \/>Internal cookie \u2013 duration: 1 minute\nThis cookie is associated with Google Universal Analytics. According to documentation, it is used to throttle request rates \u2014 limiting data collection on high-traffic sites.<\/p><p>_ga <br \/>Internal cookie \u2013 duration: 2 years\nThis cookie is associated with Google Universal Analytics, a major update to Google's most widely used analytics service. It is used to distinguish unique users by assigning a randomly generated number as a client identifier. It is included in every page request and is used to calculate visitor, session, and campaign data for the site\u2019s analytics reports.<\/p><h3>Your cookie preferences<\/h3><p>When you first arrive on the site, a cookie banner invites you to accept or refuse cookies that are not essential to the functioning of the site. You can refuse\/disable cookies at any time, except for those required for the stable operation of the site. You may modify your cookie preferences at any time.<\/p>\t\t\t\t\t\t\t\t<\/div>\n\t\t\t\t\t<\/div>\n\t\t\t\t<\/div>\n\t\t\t\t<\/div>","protected":false},"excerpt":{"rendered":"<p>Politique des cookies Qu\u2019est-ce qu\u2019un \u00ab cookie \u00bb ? Les cookies sont de petits fichiers texte qu\u2019un site web enregistre sur votre ordinateur ou votre appareil mobile lorsque vous visitez le site.Ils facilitent votre exp\u00e9rience en ligne en sauvegardant les informations de navigation. Gr\u00e2ce aux cookies, les sites peuvent vous garder connect\u00e9, se souvenir de [&hellip;]<\/p>","protected":false},"author":1,"featured_media":0,"parent":0,"menu_order":0,"comment_status":"closed","ping_status":"closed","template":"","meta":{"_acf_changed":false,"_monsterinsights_skip_tracking":false,"_monsterinsights_sitenote_active":false,"_monsterinsights_sitenote_note":"","_monsterinsights_sitenote_category":0,"footnotes":""},"class_list":["post-760","page","type-page","status-publish","hentry"],"acf":[],"yoast_head":"<!-- This site is optimized with the Yoast SEO plugin v26.3 - https:\/\/yoast.com\/wordpress\/plugins\/seo\/ -->\n<title>Politique des cookies - Paint System<\/title>\n<meta name=\"robots\" content=\"index, follow, max-snippet:-1, max-image-preview:large, max-video-preview:-1\" \/>\n<link rel=\"canonical\" href=\"https:\/\/paintsystem.pro\/en\/politique-des-cookies\/\" \/>\n<meta property=\"og:locale\" content=\"en_US\" \/>\n<meta property=\"og:type\" content=\"article\" \/>\n<meta property=\"og:title\" content=\"Politique des cookies - Paint System\" \/>\n<meta property=\"og:description\" content=\"Politique des cookies Qu\u2019est-ce qu\u2019un \u00ab cookie \u00bb ? Les cookies sont de petits fichiers texte qu\u2019un site web enregistre sur votre ordinateur ou votre appareil mobile lorsque vous visitez le site.Ils facilitent votre exp\u00e9rience en ligne en sauvegardant les informations de navigation. Gr\u00e2ce aux cookies, les sites peuvent vous garder connect\u00e9, se souvenir de [&hellip;]\" \/>\n<meta property=\"og:url\" content=\"https:\/\/paintsystem.pro\/en\/politique-des-cookies\/\" \/>\n<meta property=\"og:site_name\" content=\"Paint System\" \/>\n<meta property=\"article:modified_time\" content=\"2025-10-30T09:21:09+00:00\" \/>\n<meta name=\"twitter:card\" content=\"summary_large_image\" \/>\n<meta name=\"twitter:label1\" content=\"Est. reading time\" \/>\n\t<meta name=\"twitter:data1\" content=\"3 minutes\" \/>\n<script type=\"application\/ld+json\" class=\"yoast-schema-graph\">{\"@context\":\"https:\/\/schema.org\",\"@graph\":[{\"@type\":\"WebPage\",\"@id\":\"https:\/\/paintsystem.pro\/politique-des-cookies\/\",\"url\":\"https:\/\/paintsystem.pro\/politique-des-cookies\/\",\"name\":\"Politique des cookies - Paint System\",\"isPartOf\":{\"@id\":\"https:\/\/paintsystem.pro\/#website\"},\"datePublished\":\"2025-10-30T09:19:35+00:00\",\"dateModified\":\"2025-10-30T09:21:09+00:00\",\"breadcrumb\":{\"@id\":\"https:\/\/paintsystem.pro\/politique-des-cookies\/#breadcrumb\"},\"inLanguage\":\"en-US\",\"potentialAction\":[{\"@type\":\"ReadAction\",\"target\":[\"https:\/\/paintsystem.pro\/politique-des-cookies\/\"]}]},{\"@type\":\"BreadcrumbList\",\"@id\":\"https:\/\/paintsystem.pro\/politique-des-cookies\/#breadcrumb\",\"itemListElement\":[{\"@type\":\"ListItem\",\"position\":1,\"name\":\"Accueil\",\"item\":\"https:\/\/paintsystem.pro\/\"},{\"@type\":\"ListItem\",\"position\":2,\"name\":\"Politique des cookies\"}]},{\"@type\":\"WebSite\",\"@id\":\"https:\/\/paintsystem.pro\/#website\",\"url\":\"https:\/\/paintsystem.pro\/\",\"name\":\"Paint System\",\"description\":\"Yacht Painters\",\"publisher\":{\"@id\":\"https:\/\/paintsystem.pro\/#organization\"},\"potentialAction\":[{\"@type\":\"SearchAction\",\"target\":{\"@type\":\"EntryPoint\",\"urlTemplate\":\"https:\/\/paintsystem.pro\/?s={search_term_string}\"},\"query-input\":{\"@type\":\"PropertyValueSpecification\",\"valueRequired\":true,\"valueName\":\"search_term_string\"}}],\"inLanguage\":\"en-US\"},{\"@type\":\"Organization\",\"@id\":\"https:\/\/paintsystem.pro\/#organization\",\"name\":\"Paint System\",\"url\":\"https:\/\/paintsystem.pro\/\",\"logo\":{\"@type\":\"ImageObject\",\"inLanguage\":\"en-US\",\"@id\":\"https:\/\/paintsystem.pro\/#\/schema\/logo\/image\/\",\"url\":\"https:\/\/paintsystem.pro\/wp-content\/uploads\/2025\/10\/logo-dore.svg\",\"contentUrl\":\"https:\/\/paintsystem.pro\/wp-content\/uploads\/2025\/10\/logo-dore.svg\",\"width\":570,\"height\":231,\"caption\":\"Paint System\"},\"image\":{\"@id\":\"https:\/\/paintsystem.pro\/#\/schema\/logo\/image\/\"}}]}<\/script>\n<!-- \/ Yoast SEO plugin. -->","yoast_head_json":{"title":"Politique des cookies - Paint System","robots":{"index":"index","follow":"follow","max-snippet":"max-snippet:-1","max-image-preview":"max-image-preview:large","max-video-preview":"max-video-preview:-1"},"canonical":"https:\/\/paintsystem.pro\/en\/politique-des-cookies\/","og_locale":"en_US","og_type":"article","og_title":"Politique des cookies - Paint System","og_description":"Politique des cookies Qu\u2019est-ce qu\u2019un \u00ab cookie \u00bb ? Les cookies sont de petits fichiers texte qu\u2019un site web enregistre sur votre ordinateur ou votre appareil mobile lorsque vous visitez le site.Ils facilitent votre exp\u00e9rience en ligne en sauvegardant les informations de navigation. Gr\u00e2ce aux cookies, les sites peuvent vous garder connect\u00e9, se souvenir de [&hellip;]","og_url":"https:\/\/paintsystem.pro\/en\/politique-des-cookies\/","og_site_name":"Paint System","article_modified_time":"2025-10-30T09:21:09+00:00","twitter_card":"summary_large_image","twitter_misc":{"Est. reading time":"3 minutes"},"schema":{"@context":"https:\/\/schema.org","@graph":[{"@type":"WebPage","@id":"https:\/\/paintsystem.pro\/politique-des-cookies\/","url":"https:\/\/paintsystem.pro\/politique-des-cookies\/","name":"Politique des cookies - Paint System","isPartOf":{"@id":"https:\/\/paintsystem.pro\/#website"},"datePublished":"2025-10-30T09:19:35+00:00","dateModified":"2025-10-30T09:21:09+00:00","breadcrumb":{"@id":"https:\/\/paintsystem.pro\/politique-des-cookies\/#breadcrumb"},"inLanguage":"en-US","potentialAction":[{"@type":"ReadAction","target":["https:\/\/paintsystem.pro\/politique-des-cookies\/"]}]},{"@type":"BreadcrumbList","@id":"https:\/\/paintsystem.pro\/politique-des-cookies\/#breadcrumb","itemListElement":[{"@type":"ListItem","position":1,"name":"Accueil","item":"https:\/\/paintsystem.pro\/"},{"@type":"ListItem","position":2,"name":"Politique des cookies"}]},{"@type":"WebSite","@id":"https:\/\/paintsystem.pro\/#website","url":"https:\/\/paintsystem.pro\/","name":"Paint System","description":"Yacht Painters","publisher":{"@id":"https:\/\/paintsystem.pro\/#organization"},"potentialAction":[{"@type":"SearchAction","target":{"@type":"EntryPoint","urlTemplate":"https:\/\/paintsystem.pro\/?s={search_term_string}"},"query-input":{"@type":"PropertyValueSpecification","valueRequired":true,"valueName":"search_term_string"}}],"inLanguage":"en-US"},{"@type":"Organization","@id":"https:\/\/paintsystem.pro\/#organization","name":"Paint System","url":"https:\/\/paintsystem.pro\/","logo":{"@type":"ImageObject","inLanguage":"en-US","@id":"https:\/\/paintsystem.pro\/#\/schema\/logo\/image\/","url":"https:\/\/paintsystem.pro\/wp-content\/uploads\/2025\/10\/logo-dore.svg","contentUrl":"https:\/\/paintsystem.pro\/wp-content\/uploads\/2025\/10\/logo-dore.svg","width":570,"height":231,"caption":"Paint System"},"image":{"@id":"https:\/\/paintsystem.pro\/#\/schema\/logo\/image\/"}}]}},"_links":{"self":[{"href":"https:\/\/paintsystem.pro\/en\/wp-json\/wp\/v2\/pages\/760","targetHints":{"allow":["GET"]}}],"collection":[{"href":"https:\/\/paintsystem.pro\/en\/wp-json\/wp\/v2\/pages"}],"about":[{"href":"https:\/\/paintsystem.pro\/en\/wp-json\/wp\/v2\/types\/page"}],"author":[{"embeddable":true,"href":"https:\/\/paintsystem.pro\/en\/wp-json\/wp\/v2\/users\/1"}],"replies":[{"embeddable":true,"href":"https:\/\/paintsystem.pro\/en\/wp-json\/wp\/v2\/comments?post=760"}],"version-history":[{"count":4,"href":"https:\/\/paintsystem.pro\/en\/wp-json\/wp\/v2\/pages\/760\/revisions"}],"predecessor-version":[{"id":768,"href":"https:\/\/paintsystem.pro\/en\/wp-json\/wp\/v2\/pages\/760\/revisions\/768"}],"wp:attachment":[{"href":"https:\/\/paintsystem.pro\/en\/wp-json\/wp\/v2\/media?parent=760"}],"curies":[{"name":"wp","href":"https:\/\/api.w.org\/{rel}","templated":true}]}}